{"id":10788,"date":"2024-01-26T03:02:52","date_gmt":"2024-01-26T02:02:52","guid":{"rendered":"https:\/\/jadoredekor.ro\/grafika-papirdekoraciok\/"},"modified":"2024-03-11T08:59:42","modified_gmt":"2024-03-11T07:59:42","slug":"grafice","status":"publish","type":"page","link":"https:\/\/jadoredekor.ro\/ro\/grafice\/","title":{"rendered":"Grafice"},"content":{"rendered":"\t\t<div data-elementor-type=\"wp-page\" data-elementor-id=\"10788\" class=\"elementor elementor-10788\" data-elementor-post-type=\"page\">\n\t\t\t\t\t\t<section class=\"elementor-section elementor-top-section elementor-element elementor-element-2ae0dfcb eltdf-elementor-row-grid-section elementor-section-boxed elementor-section-height-default elementor-section-height-default eltdf-parallax-row-no eltdf-content-aligment-left eltdf-disabled-bg-image-bellow-no\" data-id=\"2ae0dfcb\" data-element_type=\"section\">\n\t\t\t\t\t\t<div class=\"elementor-container elementor-column-gap-default\">\n\t\t\t\t\t\t<\/div>\n\t\t<\/section>\n\t\t<div class=\"elementor-element elementor-element-6d0806e e-flex e-con-boxed e-con e-parent\" data-id=\"6d0806e\" data-element_type=\"container\">\n\t\t\t\t\t<div class=\"e-con-inner\">\n\t\t\t\t<div class=\"elementor-element elementor-element-5a3a252 elementor-widget elementor-widget-spacer\" data-id=\"5a3a252\" data-element_type=\"widget\" data-widget_type=\"spacer.default\">\n\t\t\t\t<div class=\"elementor-widget-container\">\n\t\t\t<style>\/*! elementor - v3.23.0 - 05-08-2024 *\/\n.elementor-column .elementor-spacer-inner{height:var(--spacer-size)}.e-con{--container-widget-width:100%}.e-con-inner>.elementor-widget-spacer,.e-con>.elementor-widget-spacer{width:var(--container-widget-width,var(--spacer-size));--align-self:var(--container-widget-align-self,initial);--flex-shrink:0}.e-con-inner>.elementor-widget-spacer>.elementor-widget-container,.e-con>.elementor-widget-spacer>.elementor-widget-container{height:100%;width:100%}.e-con-inner>.elementor-widget-spacer>.elementor-widget-container>.elementor-spacer,.e-con>.elementor-widget-spacer>.elementor-widget-container>.elementor-spacer{height:100%}.e-con-inner>.elementor-widget-spacer>.elementor-widget-container>.elementor-spacer>.elementor-spacer-inner,.e-con>.elementor-widget-spacer>.elementor-widget-container>.elementor-spacer>.elementor-spacer-inner{height:var(--container-widget-height,var(--spacer-size))}.e-con-inner>.elementor-widget-spacer.elementor-widget-empty,.e-con>.elementor-widget-spacer.elementor-widget-empty{position:relative;min-height:22px;min-width:22px}.e-con-inner>.elementor-widget-spacer.elementor-widget-empty .elementor-widget-empty-icon,.e-con>.elementor-widget-spacer.elementor-widget-empty .elementor-widget-empty-icon{position:absolute;top:0;bottom:0;left:0;right:0;margin:auto;padding:0;width:22px;height:22px}<\/style>\t\t<div class=\"elementor-spacer\">\n\t\t\t<div class=\"elementor-spacer-inner\"><\/div>\n\t\t<\/div>\n\t\t\t\t<\/div>\n\t\t\t\t<\/div>\n\t\t\t\t<div class=\"elementor-element elementor-element-9657139 elementor-widget-divider--view-line_text elementor-widget-divider--separator-type-pattern elementor-widget-divider--element-align-center elementor-widget elementor-widget-divider\" data-id=\"9657139\" data-element_type=\"widget\" data-widget_type=\"divider.default\">\n\t\t\t\t<div class=\"elementor-widget-container\">\n\t\t\t<style>\/*! elementor - v3.23.0 - 05-08-2024 *\/\n.elementor-widget-divider{--divider-border-style:none;--divider-border-width:1px;--divider-color:#0c0d0e;--divider-icon-size:20px;--divider-element-spacing:10px;--divider-pattern-height:24px;--divider-pattern-size:20px;--divider-pattern-url:none;--divider-pattern-repeat:repeat-x}.elementor-widget-divider .elementor-divider{display:flex}.elementor-widget-divider .elementor-divider__text{font-size:15px;line-height:1;max-width:95%}.elementor-widget-divider .elementor-divider__element{margin:0 var(--divider-element-spacing);flex-shrink:0}.elementor-widget-divider .elementor-icon{font-size:var(--divider-icon-size)}.elementor-widget-divider .elementor-divider-separator{display:flex;margin:0;direction:ltr}.elementor-widget-divider--view-line_icon .elementor-divider-separator,.elementor-widget-divider--view-line_text .elementor-divider-separator{align-items:center}.elementor-widget-divider--view-line_icon .elementor-divider-separator:after,.elementor-widget-divider--view-line_icon .elementor-divider-separator:before,.elementor-widget-divider--view-line_text .elementor-divider-separator:after,.elementor-widget-divider--view-line_text .elementor-divider-separator:before{display:block;content:\"\";border-block-end:0;flex-grow:1;border-block-start:var(--divider-border-width) var(--divider-border-style) var(--divider-color)}.elementor-widget-divider--element-align-left .elementor-divider .elementor-divider-separator>.elementor-divider__svg:first-of-type{flex-grow:0;flex-shrink:100}.elementor-widget-divider--element-align-left .elementor-divider-separator:before{content:none}.elementor-widget-divider--element-align-left .elementor-divider__element{margin-left:0}.elementor-widget-divider--element-align-right .elementor-divider .elementor-divider-separator>.elementor-divider__svg:last-of-type{flex-grow:0;flex-shrink:100}.elementor-widget-divider--element-align-right .elementor-divider-separator:after{content:none}.elementor-widget-divider--element-align-right .elementor-divider__element{margin-right:0}.elementor-widget-divider--element-align-start .elementor-divider .elementor-divider-separator>.elementor-divider__svg:first-of-type{flex-grow:0;flex-shrink:100}.elementor-widget-divider--element-align-start .elementor-divider-separator:before{content:none}.elementor-widget-divider--element-align-start .elementor-divider__element{margin-inline-start:0}.elementor-widget-divider--element-align-end .elementor-divider .elementor-divider-separator>.elementor-divider__svg:last-of-type{flex-grow:0;flex-shrink:100}.elementor-widget-divider--element-align-end .elementor-divider-separator:after{content:none}.elementor-widget-divider--element-align-end .elementor-divider__element{margin-inline-end:0}.elementor-widget-divider:not(.elementor-widget-divider--view-line_text):not(.elementor-widget-divider--view-line_icon) .elementor-divider-separator{border-block-start:var(--divider-border-width) var(--divider-border-style) var(--divider-color)}.elementor-widget-divider--separator-type-pattern{--divider-border-style:none}.elementor-widget-divider--separator-type-pattern.elementor-widget-divider--view-line .elementor-divider-separator,.elementor-widget-divider--separator-type-pattern:not(.elementor-widget-divider--view-line) .elementor-divider-separator:after,.elementor-widget-divider--separator-type-pattern:not(.elementor-widget-divider--view-line) .elementor-divider-separator:before,.elementor-widget-divider--separator-type-pattern:not([class*=elementor-widget-divider--view]) .elementor-divider-separator{width:100%;min-height:var(--divider-pattern-height);-webkit-mask-size:var(--divider-pattern-size) 100%;mask-size:var(--divider-pattern-size) 100%;-webkit-mask-repeat:var(--divider-pattern-repeat);mask-repeat:var(--divider-pattern-repeat);background-color:var(--divider-color);-webkit-mask-image:var(--divider-pattern-url);mask-image:var(--divider-pattern-url)}.elementor-widget-divider--no-spacing{--divider-pattern-size:auto}.elementor-widget-divider--bg-round{--divider-pattern-repeat:round}.rtl .elementor-widget-divider .elementor-divider__text{direction:rtl}.e-con-inner>.elementor-widget-divider,.e-con>.elementor-widget-divider{width:var(--container-widget-width,100%);--flex-grow:var(--container-widget-flex-grow)}<\/style>\t\t<div class=\"elementor-divider\" style=\"--divider-pattern-url: url(&quot;data:image\/svg+xml,%3Csvg xmlns=&#039;http:\/\/www.w3.org\/2000\/svg&#039; preserveAspectRatio=&#039;none&#039; overflow=&#039;visible&#039; height=&#039;100%&#039; viewBox=&#039;0 0 24 24&#039; fill=&#039;none&#039; stroke=&#039;black&#039; stroke-width=&#039;1&#039; stroke-linecap=&#039;square&#039; stroke-miterlimit=&#039;10&#039;%3E%3Cpolyline points=&#039;0,18 12,6 24,18 &#039;\/%3E%3C\/svg%3E&quot;);\">\n\t\t\t<span class=\"elementor-divider-separator\">\n\t\t\t\t\t\t\t<p class=\"elementor-divider__text elementor-divider__element\">\n\t\t\t\tGrafice\t\t\t\t<\/p>\n\t\t\t\t\t\t<\/span>\n\t\t<\/div>\n\t\t\t\t<\/div>\n\t\t\t\t<\/div>\n\t\t\t\t\t<\/div>\n\t\t\t\t<\/div>\n\t\t<div class=\"elementor-element elementor-element-d5628c5 e-flex e-con-boxed e-con e-parent\" data-id=\"d5628c5\" data-element_type=\"container\">\n\t\t\t\t\t<div class=\"e-con-inner\">\n\t\t\t\t<div class=\"elementor-element elementor-element-e89b807 elementor-widget elementor-widget-text-editor\" data-id=\"e89b807\" data-element_type=\"widget\" data-widget_type=\"text-editor.default\">\n\t\t\t\t<div class=\"elementor-widget-container\">\n\t\t\t<style>\/*! elementor - v3.23.0 - 05-08-2024 *\/\n.elementor-widget-text-editor.elementor-drop-cap-view-stacked .elementor-drop-cap{background-color:#69727d;color:#fff}.elementor-widget-text-editor.elementor-drop-cap-view-framed .elementor-drop-cap{color:#69727d;border:3px solid;background-color:transparent}.elementor-widget-text-editor:not(.elementor-drop-cap-view-default) .elementor-drop-cap{margin-top:8px}.elementor-widget-text-editor:not(.elementor-drop-cap-view-default) .elementor-drop-cap-letter{width:1em;height:1em}.elementor-widget-text-editor .elementor-drop-cap{float:left;text-align:center;line-height:1;font-size:50px}.elementor-widget-text-editor .elementor-drop-cap-letter{display:inline-block}<\/style>\t\t\t\t<p style=\"text-align: center;\">Invita\u021bii personalizate<br \/>Sigilii cu cear\u0103<br \/>T\u0103bli\u021be de bun venit<br \/>Planuri de mas\u0103<br \/>Meniuri<br \/>Liste de b\u0103uturi \u0219i cocktail-uri<br \/>Alte elemente grafice<\/p>\t\t\t\t\t\t<\/div>\n\t\t\t\t<\/div>\n\t\t\t\t\t<\/div>\n\t\t\t\t<\/div>\n\t\t\t\t<\/div>\n\t\t","protected":false},"excerpt":{"rendered":"<p>Grafice Invita\u021bii personalizateSigilii cu cear\u0103T\u0103bli\u021be de bun venitPlanuri de mas\u0103MeniuriListe de b\u0103uturi \u0219i cocktail-uriAlte elemente grafice<\/p>\n","protected":false},"author":1,"featured_media":0,"parent":0,"menu_order":0,"comment_status":"closed","ping_status":"closed","template":"full-width.php","meta":{"footnotes":""},"class_list":["post-10788","page","type-page","status-publish","hentry"],"yoast_head":"<!-- This site is optimized with the Yoast SEO Premium plugin v21.0 (Yoast SEO v21.8.1) - https:\/\/yoast.com\/wordpress\/plugins\/seo\/ -->\n<title>J&#039;adore Dekor - esk\u00fcv\u0151 dekor\u00e1ci\u00f3 tervez\u00e9s, rendezv\u00e9nyek dekor\u00e1l\u00e1sa, dekor\u00e1ci\u00f3 b\u00e9rl\u00e9s<\/title>\n<meta name=\"description\" content=\"Esk\u00fcv\u0151k, rendezv\u00e9nyek dekor\u00e1ci\u00f3inak tervez\u00e9se, Az esem\u00e9nyek dekor\u00e1l\u00e1sa sz\u00e1momra nem csak munka, hanem szenved\u00e9ly. Elk\u00f6telezett vagyok amellett, hogy minden r\u00e9szlet a p\u00e1rok elk\u00e9pzel\u00e9seinek \u00e9s rezg\u00e9seinek megfeleljen.\" \/>\n<meta name=\"robots\" content=\"index, follow, max-snippet:-1, max-image-preview:large, max-video-preview:-1\" \/>\n<link rel=\"canonical\" href=\"https:\/\/jadoredekor.ro\/ro\/grafice\/\" \/>\n<meta property=\"og:locale\" content=\"ro_RO\" \/>\n<meta property=\"og:type\" content=\"article\" \/>\n<meta property=\"og:title\" content=\"Grafice\" \/>\n<meta property=\"og:description\" content=\"Esk\u00fcv\u0151k, rendezv\u00e9nyek dekor\u00e1ci\u00f3inak tervez\u00e9se, Az esem\u00e9nyek dekor\u00e1l\u00e1sa sz\u00e1momra nem csak munka, hanem szenved\u00e9ly. Elk\u00f6telezett vagyok amellett, hogy minden r\u00e9szlet a p\u00e1rok elk\u00e9pzel\u00e9seinek \u00e9s rezg\u00e9seinek megfeleljen.\" \/>\n<meta property=\"og:url\" content=\"https:\/\/jadoredekor.ro\/ro\/grafice\/\" \/>\n<meta property=\"og:site_name\" content=\"Jadore Dekor\" \/>\n<meta property=\"article:modified_time\" content=\"2024-03-11T07:59:42+00:00\" \/>\n<meta name=\"twitter:card\" content=\"summary_large_image\" \/>\n<meta name=\"twitter:label1\" content=\"Timp estimat pentru citire\" \/>\n\t<meta name=\"twitter:data1\" content=\"1 minut\" \/>\n<script type=\"application\/ld+json\" class=\"yoast-schema-graph\">{\"@context\":\"https:\/\/schema.org\",\"@graph\":[{\"@type\":\"WebPage\",\"@id\":\"https:\/\/jadoredekor.ro\/ro\/grafice\/\",\"url\":\"https:\/\/jadoredekor.ro\/ro\/grafice\/\",\"name\":\"J'adore Dekor - esk\u00fcv\u0151 dekor\u00e1ci\u00f3 tervez\u00e9s, rendezv\u00e9nyek dekor\u00e1l\u00e1sa, dekor\u00e1ci\u00f3 b\u00e9rl\u00e9s\",\"isPartOf\":{\"@id\":\"https:\/\/jadoredekor.ro\/#website\"},\"datePublished\":\"2024-01-26T02:02:52+00:00\",\"dateModified\":\"2024-03-11T07:59:42+00:00\",\"description\":\"Esk\u00fcv\u0151k, rendezv\u00e9nyek dekor\u00e1ci\u00f3inak tervez\u00e9se, Az esem\u00e9nyek dekor\u00e1l\u00e1sa sz\u00e1momra nem csak munka, hanem szenved\u00e9ly. Elk\u00f6telezett vagyok amellett, hogy minden r\u00e9szlet a p\u00e1rok elk\u00e9pzel\u00e9seinek \u00e9s rezg\u00e9seinek megfeleljen.\",\"breadcrumb\":{\"@id\":\"https:\/\/jadoredekor.ro\/ro\/grafice\/#breadcrumb\"},\"inLanguage\":\"ro-RO\",\"potentialAction\":[{\"@type\":\"ReadAction\",\"target\":[\"https:\/\/jadoredekor.ro\/ro\/grafice\/\"]}]},{\"@type\":\"BreadcrumbList\",\"@id\":\"https:\/\/jadoredekor.ro\/ro\/grafice\/#breadcrumb\",\"itemListElement\":[{\"@type\":\"ListItem\",\"position\":1,\"name\":\"Home\",\"item\":\"https:\/\/jadoredekor.ro\/ro\/\"},{\"@type\":\"ListItem\",\"position\":2,\"name\":\"Grafice\"}]},{\"@type\":\"WebSite\",\"@id\":\"https:\/\/jadoredekor.ro\/#website\",\"url\":\"https:\/\/jadoredekor.ro\/\",\"name\":\"Jadore Dekor\",\"description\":\"\",\"potentialAction\":[{\"@type\":\"SearchAction\",\"target\":{\"@type\":\"EntryPoint\",\"urlTemplate\":\"https:\/\/jadoredekor.ro\/?s={search_term_string}\"},\"query-input\":\"required name=search_term_string\"}],\"inLanguage\":\"ro-RO\"}]}<\/script>\n<!-- \/ Yoast SEO Premium plugin. -->","yoast_head_json":{"title":"J'adore Dekor - esk\u00fcv\u0151 dekor\u00e1ci\u00f3 tervez\u00e9s, rendezv\u00e9nyek dekor\u00e1l\u00e1sa, dekor\u00e1ci\u00f3 b\u00e9rl\u00e9s","description":"Esk\u00fcv\u0151k, rendezv\u00e9nyek dekor\u00e1ci\u00f3inak tervez\u00e9se, Az esem\u00e9nyek dekor\u00e1l\u00e1sa sz\u00e1momra nem csak munka, hanem szenved\u00e9ly. Elk\u00f6telezett vagyok amellett, hogy minden r\u00e9szlet a p\u00e1rok elk\u00e9pzel\u00e9seinek \u00e9s rezg\u00e9seinek megfeleljen.","robots":{"index":"index","follow":"follow","max-snippet":"max-snippet:-1","max-image-preview":"max-image-preview:large","max-video-preview":"max-video-preview:-1"},"canonical":"https:\/\/jadoredekor.ro\/ro\/grafice\/","og_locale":"ro_RO","og_type":"article","og_title":"Grafice","og_description":"Esk\u00fcv\u0151k, rendezv\u00e9nyek dekor\u00e1ci\u00f3inak tervez\u00e9se, Az esem\u00e9nyek dekor\u00e1l\u00e1sa sz\u00e1momra nem csak munka, hanem szenved\u00e9ly. Elk\u00f6telezett vagyok amellett, hogy minden r\u00e9szlet a p\u00e1rok elk\u00e9pzel\u00e9seinek \u00e9s rezg\u00e9seinek megfeleljen.","og_url":"https:\/\/jadoredekor.ro\/ro\/grafice\/","og_site_name":"Jadore Dekor","article_modified_time":"2024-03-11T07:59:42+00:00","twitter_card":"summary_large_image","twitter_misc":{"Timp estimat pentru citire":"1 minut"},"schema":{"@context":"https:\/\/schema.org","@graph":[{"@type":"WebPage","@id":"https:\/\/jadoredekor.ro\/ro\/grafice\/","url":"https:\/\/jadoredekor.ro\/ro\/grafice\/","name":"J'adore Dekor - esk\u00fcv\u0151 dekor\u00e1ci\u00f3 tervez\u00e9s, rendezv\u00e9nyek dekor\u00e1l\u00e1sa, dekor\u00e1ci\u00f3 b\u00e9rl\u00e9s","isPartOf":{"@id":"https:\/\/jadoredekor.ro\/#website"},"datePublished":"2024-01-26T02:02:52+00:00","dateModified":"2024-03-11T07:59:42+00:00","description":"Esk\u00fcv\u0151k, rendezv\u00e9nyek dekor\u00e1ci\u00f3inak tervez\u00e9se, Az esem\u00e9nyek dekor\u00e1l\u00e1sa sz\u00e1momra nem csak munka, hanem szenved\u00e9ly. Elk\u00f6telezett vagyok amellett, hogy minden r\u00e9szlet a p\u00e1rok elk\u00e9pzel\u00e9seinek \u00e9s rezg\u00e9seinek megfeleljen.","breadcrumb":{"@id":"https:\/\/jadoredekor.ro\/ro\/grafice\/#breadcrumb"},"inLanguage":"ro-RO","potentialAction":[{"@type":"ReadAction","target":["https:\/\/jadoredekor.ro\/ro\/grafice\/"]}]},{"@type":"BreadcrumbList","@id":"https:\/\/jadoredekor.ro\/ro\/grafice\/#breadcrumb","itemListElement":[{"@type":"ListItem","position":1,"name":"Home","item":"https:\/\/jadoredekor.ro\/ro\/"},{"@type":"ListItem","position":2,"name":"Grafice"}]},{"@type":"WebSite","@id":"https:\/\/jadoredekor.ro\/#website","url":"https:\/\/jadoredekor.ro\/","name":"Jadore Dekor","description":"","potentialAction":[{"@type":"SearchAction","target":{"@type":"EntryPoint","urlTemplate":"https:\/\/jadoredekor.ro\/?s={search_term_string}"},"query-input":"required name=search_term_string"}],"inLanguage":"ro-RO"}]}},"_links":{"self":[{"href":"https:\/\/jadoredekor.ro\/ro\/wp-json\/wp\/v2\/pages\/10788","targetHints":{"allow":["GET"]}}],"collection":[{"href":"https:\/\/jadoredekor.ro\/ro\/wp-json\/wp\/v2\/pages"}],"about":[{"href":"https:\/\/jadoredekor.ro\/ro\/wp-json\/wp\/v2\/types\/page"}],"author":[{"embeddable":true,"href":"https:\/\/jadoredekor.ro\/ro\/wp-json\/wp\/v2\/users\/1"}],"replies":[{"embeddable":true,"href":"https:\/\/jadoredekor.ro\/ro\/wp-json\/wp\/v2\/comments?post=10788"}],"version-history":[{"count":4,"href":"https:\/\/jadoredekor.ro\/ro\/wp-json\/wp\/v2\/pages\/10788\/revisions"}],"predecessor-version":[{"id":10793,"href":"https:\/\/jadoredekor.ro\/ro\/wp-json\/wp\/v2\/pages\/10788\/revisions\/10793"}],"wp:attachment":[{"href":"https:\/\/jadoredekor.ro\/ro\/wp-json\/wp\/v2\/media?parent=10788"}],"curies":[{"name":"wp","href":"https:\/\/api.w.org\/{rel}","templated":true}]}}